{"id":17141,"date":"2023-06-25T20:49:01","date_gmt":"2023-06-25T18:49:01","guid":{"rendered":"https:\/\/aklimat.si\/kontakt-formular\/"},"modified":"2023-08-10T20:47:14","modified_gmt":"2023-08-10T18:47:14","slug":"kontakt-formular","status":"publish","type":"page","link":"https:\/\/aklimat.si\/de\/kontakt\/kontakt-formular\/","title":{"rendered":"Kontakt-Formular"},"content":{"rendered":"\t\t<div data-elementor-type=\"wp-page\" data-elementor-id=\"17141\" class=\"elementor elementor-17141 elementor-8832\" data-elementor-post-type=\"page\">\n\t\t\t\t\t\t\t\t\t<section class=\" elementor-section elementor-top-section elementor-element elementor-element-63f87067 elementor-section-content-middle elementor-section-boxed elementor-section-height-default elementor-section-height-default\" data-id=\"63f87067\" data-element_type=\"section\">\r\n\t\t\t\t\t\t\t\t<div class=\"elementor-container container-fluid elementor-column-gap-default\">\r\n\t\t\t\t\r\n\t\t\t\t\t\t\t\t<div class=\" elementor-column elementor-col-50 elementor-top-column elementor-element elementor-element-32c44dbd \" data-id=\"32c44dbd\" data-element_type=\"column\">\r\n\r\n\t\t\t\t\r\n\t\t\t\t<div class=\"elementor-widget-wrap elementor-element-populated\">\r\n\t\t\t\t\t\t\t\t\t\t\r\n\t\t\t\t\t\t<section class=\" elementor-section elementor-inner-section elementor-element elementor-element-f20a480 elementor-section-boxed elementor-section-height-default elementor-section-height-default\" data-id=\"f20a480\" data-element_type=\"section\">\r\n\t\t\t\t\t\t\t\t<div class=\"elementor-container elementor-column-gap-default\">\r\n\t\t\t\t\r\n\t\t\t\t\t\t\t\t<div class=\" elementor-column elementor-col-100 elementor-inner-column elementor-element elementor-element-40be3dfc \" data-id=\"40be3dfc\" data-element_type=\"column\">\r\n\r\n\t\t\t\t\r\n\t\t\t\t<div class=\"elementor-widget-wrap elementor-element-populated\">\r\n\t\t\t\t\t\t\t\t\t\t\r\n\t\t\t\t\t\t<div class=\"elementor-element elementor-element-63c29e24 elementor-widget elementor-widget-udesign_widget_heading\" data-id=\"63c29e24\" data-element_type=\"widget\" data-widget_type=\"udesign_widget_heading.default\">\n\t\t\t\t<div class=\"elementor-widget-container\">\n\t\t\t<style>\/*! elementor - v3.15.0 - 09-08-2023 *\/\n.elementor-heading-title{padding:0;margin:0;line-height:1}.elementor-widget-heading .elementor-heading-title[class*=elementor-size-]>a{color:inherit;font-size:inherit;line-height:inherit}.elementor-widget-heading .elementor-heading-title.elementor-size-small{font-size:15px}.elementor-widget-heading .elementor-heading-title.elementor-size-medium{font-size:19px}.elementor-widget-heading .elementor-heading-title.elementor-size-large{font-size:29px}.elementor-widget-heading .elementor-heading-title.elementor-size-xl{font-size:39px}.elementor-widget-heading .elementor-heading-title.elementor-size-xxl{font-size:59px}<\/style><div class=\"title-wrapper  title-left\"><h4 class=\"title elementor-heading-title\">WIR SIND F\u00dcR SIE DA<\/h4><\/div>\t\t<\/div>\n\t\t\t\t<\/div>\n\t\t\t\t<div class=\"elementor-element elementor-element-7dd016f elementor-widget elementor-widget-udesign_widget_heading\" data-id=\"7dd016f\" data-element_type=\"widget\" data-widget_type=\"udesign_widget_heading.default\">\n\t\t\t\t<div class=\"elementor-widget-container\">\n\t\t\t<div class=\"title-wrapper  title-left\"><h2 class=\"title elementor-heading-title\">Nehmen Sie Kontakt mit uns auf<\/h2><\/div>\t\t<\/div>\n\t\t\t\t<\/div>\n\t\t\t\t<div class=\"elementor-element elementor-element-7a24310b elementor-widget elementor-widget-udesign_widget_heading\" data-id=\"7a24310b\" data-element_type=\"widget\" data-widget_type=\"udesign_widget_heading.default\">\n\t\t\t\t<div class=\"elementor-widget-container\">\n\t\t\t<div class=\"title-wrapper  title-left\"><h4 class=\"title elementor-heading-title\">Wir freuen uns \u00fcber Ihr Interesse an unseren Produkten. Wir laden Sie ein, das untenstehende Formular auszuf\u00fcllen und Kontakt mit unserem freundlichen AKLIMAT-Expertenteam aufzunehmen.  <\/h4><\/div>\t\t<\/div>\n\t\t\t\t<\/div>\n\t\t\t\t<div class=\"elementor-element elementor-element-208724ef elementor-widget elementor-widget-udesign_widget_heading\" data-id=\"208724ef\" data-element_type=\"widget\" data-widget_type=\"udesign_widget_heading.default\">\n\t\t\t\t<div class=\"elementor-widget-container\">\n\t\t\t<div class=\"title-wrapper  title-left\"><p class=\"title elementor-heading-title\">Egal, ob Sie eine Frage haben, zus\u00e4tzliche Informationen zu Heizk\u00f6rpern ben\u00f6tigen oder mit uns zusammenarbeiten m\u00f6chten, wir sind f\u00fcr Sie da. Wir nehmen uns die Zeit, Ihnen passende Antworten zu geben, optimale L\u00f6sungen anzubieten oder ein individuelles Angebot zu erstellen.\n\n<\/p><\/div>\t\t<\/div>\n\t\t\t\t<\/div>\n\t\t\t\t\t\t<\/div>\r\n\t\t\t\t<\/div>\r\n\t\t\t\t\t\t\t\t<\/div>\r\n\t\t\t<\/section>\r\n\t\t\t\t\t\t\t<\/div>\r\n\t\t\t\t<\/div>\r\n\t\t\t\t\t\t\t\t\t<div class=\" elementor-column elementor-col-50 elementor-top-column elementor-element elementor-element-7a0edf84 \" data-id=\"7a0edf84\" data-element_type=\"column\">\r\n\r\n\t\t\t\t\r\n\t\t\t\t<div class=\"elementor-widget-wrap elementor-element-populated\">\r\n\t\t\t\t\t\t\t\t\t\t\r\n\t\t\t\t\t\t<div class=\"elementor-element elementor-element-02a442f elementor-widget__width-initial elementor-widget-laptop__width-initial elementor-widget elementor-widget-udesign_widget_contact_form\" data-id=\"02a442f\" data-element_type=\"widget\" data-widget_type=\"udesign_widget_contact_form.default\">\n\t\t\t\t<div class=\"elementor-widget-container\">\n\t\t\t\n<div class=\"wpcf7 no-js\" id=\"wpcf7-f17249-o1\" lang=\"de-DE\" dir=\"ltr\">\n<div class=\"screen-reader-response\"><p role=\"status\" aria-live=\"polite\" aria-atomic=\"true\"><\/p> <ul><\/ul><\/div>\n<form action=\"\/de\/wp-json\/wp\/v2\/pages\/17141#wpcf7-f17249-o1\" method=\"post\" class=\"wpcf7-form init\" aria-label=\"Contact form\" novalidate=\"novalidate\" data-status=\"init\">\n<div style=\"display: none;\">\n<input type=\"hidden\" name=\"_wpcf7\" value=\"17249\" \/>\n<input type=\"hidden\" name=\"_wpcf7_version\" value=\"5.8\" \/>\n<input type=\"hidden\" name=\"_wpcf7_locale\" value=\"de_DE\" \/>\n<input type=\"hidden\" name=\"_wpcf7_unit_tag\" value=\"wpcf7-f17249-o1\" \/>\n<input type=\"hidden\" name=\"_wpcf7_container_post\" value=\"0\" \/>\n<input type=\"hidden\" name=\"_wpcf7_posted_data_hash\" value=\"\" \/>\n<\/div>\n<p><label> Name und Nachname<br \/>\n<span class=\"wpcf7-form-control-wrap\" data-name=\"imeinpriimek\"><input size=\"40\" class=\"wpcf7-form-control wpcf7-text wpcf7-validates-as-required\" aria-required=\"true\" aria-invalid=\"false\" placeholder=\"Name und Nachname\" value=\"\" type=\"text\" name=\"imeinpriimek\" \/><\/span><\/label>\n<\/p>\n<p><label> E-mail<br \/>\n<span class=\"wpcf7-form-control-wrap\" data-name=\"your-email\"><input size=\"40\" class=\"wpcf7-form-control wpcf7-email wpcf7-validates-as-required wpcf7-text wpcf7-validates-as-email\" autocomplete=\"email\" aria-required=\"true\" aria-invalid=\"false\" placeholder=\"Ihre Email-Adresse\" value=\"\" type=\"email\" name=\"your-email\" \/><\/span> <\/label>\n<\/p>\n<p><label> Nachricht<br \/>\n<span class=\"wpcf7-form-control-wrap\" data-name=\"Sporocilo\"><textarea cols=\"40\" rows=\"10\" class=\"wpcf7-form-control wpcf7-textarea wpcf7-validates-as-required\" aria-required=\"true\" aria-invalid=\"false\" placeholder=\"Nachricht\" name=\"Sporocilo\"><\/textarea><\/span><\/label>\n<\/p>\n<p><label> Adresse<br \/>\n<span class=\"wpcf7-form-control-wrap\" data-name=\"Naslov\"><input size=\"40\" class=\"wpcf7-form-control wpcf7-text wpcf7-validates-as-required\" aria-required=\"true\" aria-invalid=\"false\" placeholder=\"Ihre Adresse\" value=\"\" type=\"text\" name=\"Naslov\" \/><\/span> <\/label>\n<\/p>\n<p><button class=\"wpcf7-form-control wpcf7-submit\" type=\"submit\" value=\"Versenden\">Versenden<\/button>\n<\/p><div class=\"wpcf7-response-output\" aria-hidden=\"true\"><\/div>\n<\/form>\n<\/div>\n\t\t<\/div>\n\t\t\t\t<\/div>\n\t\t\t\t\t\t<\/div>\r\n\t\t\t\t<\/div>\r\n\t\t\t\t\t\t\t\t<\/div>\r\n\t\t\t<\/section>\r\n\t\t\t\t\t<div class=\" elementor-section elementor-top-section elementor-element elementor-element-3042b8c pt-10 pb-10 elementor-section-boxed elementor-section-height-default elementor-section-height-default\" data-id=\"3042b8c\" data-element_type=\"section\" data-settings=\"{&quot;background_background&quot;:&quot;classic&quot;}\">\r\n\t\t\t\t\t\t\t\t<div class=\"elementor-container elementor-column-gap-default\">\r\n\t\t\t\t\r\n\t\t\t\t\t\t\t<!-- Start .elementor-column -->\r\n\t\t\t<div class=\" elementor-column elementor-col-100 elementor-top-column elementor-element elementor-element-f93a4e2 mt-7 mb-10 mb-lg-7 pb-lg-0 pb-6 elementor-invisible \" data-id=\"f93a4e2\" data-element_type=\"column\" data-settings=\"{&quot;animation&quot;:&quot;fadeInUpShorter&quot;}\">\r\n\t\t\t\t\t\t\t\t<!-- Start .elementor-column-wrap(optimize mode => .elementor-widget-wrap) -->\r\n\t\t\t\t<div class=\"elementor-widget-wrap elementor-element-populated\">\r\n\t\t\t\t\t\t\t\t\t\t\t\t\t<!-- Start .slider-container  -->\r\n\t\t\t\t\t<div class=\"w-100\">\r\n\t\t\t\t\t\t\t\t\t\t<!-- Start .slider-wrapper -->\r\n\t\t\t\t\t<div class=\" row cols-lg-3 cols-md-2 cols-sm-2 cols-1  slider-wrapper\" data-slider-options=\"{&quot;spaceBetween&quot;:30,&quot;pagination&quot;:true,&quot;effect&quot;:&quot;slide&quot;,&quot;slidesPerView&quot;:3,&quot;breakpoints&quot;:{&quot;1280&quot;:{&quot;spaceBetween&quot;:30},&quot;992&quot;:{&quot;slidesPerView&quot;:3},&quot;768&quot;:{&quot;slidesPerView&quot;:2},&quot;576&quot;:{&quot;slidesPerView&quot;:2},&quot;0&quot;:{&quot;slidesPerView&quot;:1}},&quot;statusClass&quot;:&quot;slider-dots-dark slider-shadow slider-same-height&quot;}\">\r\n\t\t\t\t\t\t<div class=\"elementor-element elementor-element-262943b cs5-icon-box elementor-widget elementor-widget-udesign_widget_iconbox\" data-id=\"262943b\" data-element_type=\"widget\" data-widget_type=\"udesign_widget_iconbox.default\">\n\t\t\t\t<div class=\"elementor-widget-container\">\n\t\t\t<div class=\"icon-box position-top icon-default\"><div class=\"icon-box-feature\"><i class=\"  a-icon-map-marker\"><\/i><\/div><div class=\"icon-box-content\"><h2 class=\"icon-box-title\">ADRESSE<\/h2><p class=\"icon-box-desc\"><p>Kraigherjeva ulica 22 <br \/>\nSI- 2230 Lenart v Slov. goricah <br \/>\nSlowenien, EU<\/p>\n<\/p><\/div><\/div>\t\t<\/div>\n\t\t\t\t<\/div>\n\t\t\t\t<div class=\"elementor-element elementor-element-44a3e29 cs5-icon-box elementor-widget elementor-widget-udesign_widget_iconbox\" data-id=\"44a3e29\" data-element_type=\"widget\" data-widget_type=\"udesign_widget_iconbox.default\">\n\t\t\t\t<div class=\"elementor-widget-container\">\n\t\t\t<div class=\"icon-box position-top icon-default\"><div class=\"icon-box-feature\"><i class=\"far fa-clock\"><\/i><\/div><div class=\"icon-box-content\"><h2 class=\"icon-box-title\">ER\u00d6FFNUNGSZEIT<\/h2><p class=\"icon-box-desc\"><p>Montag - Freitag: 07.00 -15.00<br \/>\nSamstag, Sonntag: geschlossen<\/p>\n<\/p><\/div><\/div>\t\t<\/div>\n\t\t\t\t<\/div>\n\t\t\t\t<div class=\"elementor-element elementor-element-a91fb99 cs5-icon-box elementor-widget elementor-widget-udesign_widget_iconbox\" data-id=\"a91fb99\" data-element_type=\"widget\" data-widget_type=\"udesign_widget_iconbox.default\">\n\t\t\t\t<div class=\"elementor-widget-container\">\n\t\t\t<div class=\"icon-box position-top icon-default\"><div class=\"icon-box-feature\"><i class=\"fas fa-phone-alt\"><\/i><\/div><div class=\"icon-box-content\"><h2 class=\"icon-box-title\">TELEFON und E-MAIL<\/h2><p class=\"icon-box-desc\"><p>  +386 (0)2 720 01 61  <br \/>\ninfo@aklimat.si<\/p>\n<\/p><\/div><\/div>\t\t<\/div>\n\t\t\t\t<\/div>\n\t\t\t\t\t\t\t<\/div><!-- End .slider-wrapper -->\r\n\t\t\t\t\t<\/div><!-- End .slider-container -->\r\n\t\t\t\t\t\r\n\t\t\t\t\t\t\t\t<\/div> <!-- End optimize => .elementor-widget-wrap -->\r\n\t\t\t\t<\/div>\r\n\t\t\t\t<!-- End .elementor-column -->\r\n\t\t\t\t\t\t\t\t<\/div>\r\n\t\t\t<\/div>\r\n\t\t\t\t\t<section class=\" elementor-section elementor-top-section elementor-element elementor-element-77ee98f elementor-section-boxed elementor-section-height-default elementor-section-height-default\" data-id=\"77ee98f\" data-element_type=\"section\">\r\n\t\t\t\t\t\t\t\t<div class=\"elementor-container elementor-column-gap-default\">\r\n\t\t\t\t\r\n\t\t\t\t\t\t\t\t<div class=\" elementor-column elementor-col-100 elementor-top-column elementor-element elementor-element-a7f5af8 \" data-id=\"a7f5af8\" data-element_type=\"column\">\r\n\r\n\t\t\t\t\r\n\t\t\t\t<div class=\"elementor-widget-wrap elementor-element-populated\">\r\n\t\t\t\t\t\t\t\t\t\t\r\n\t\t\t\t\t\t<div class=\"elementor-element elementor-element-6ccdd0e elementor-widget elementor-widget-spacer\" data-id=\"6ccdd0e\" data-element_type=\"widget\" data-widget_type=\"spacer.default\">\n\t\t\t\t<div class=\"elementor-widget-container\">\n\t\t\t<style>\/*! elementor - v3.15.0 - 09-08-2023 *\/\n.elementor-column .elementor-spacer-inner{height:var(--spacer-size)}.e-con{--container-widget-width:100%}.e-con-inner>.elementor-widget-spacer,.e-con>.elementor-widget-spacer{width:var(--container-widget-width,var(--spacer-size));--align-self:var(--container-widget-align-self,initial);--flex-shrink:0}.e-con-inner>.elementor-widget-spacer>.elementor-widget-container,.e-con-inner>.elementor-widget-spacer>.elementor-widget-container>.elementor-spacer,.e-con>.elementor-widget-spacer>.elementor-widget-container,.e-con>.elementor-widget-spacer>.elementor-widget-container>.elementor-spacer{height:100%}.e-con-inner>.elementor-widget-spacer>.elementor-widget-container>.elementor-spacer>.elementor-spacer-inner,.e-con>.elementor-widget-spacer>.elementor-widget-container>.elementor-spacer>.elementor-spacer-inner{height:var(--container-widget-height,var(--spacer-size))}<\/style>\t\t<div class=\"elementor-spacer\">\n\t\t\t<div class=\"elementor-spacer-inner\"><\/div>\n\t\t<\/div>\n\t\t\t\t<\/div>\n\t\t\t\t<\/div>\n\t\t\t\t\t\t<\/div>\r\n\t\t\t\t<\/div>\r\n\t\t\t\t\t\t\t\t<\/div>\r\n\t\t\t<\/section>\r\n\t\t\t\t\t<section class=\" elementor-section elementor-top-section elementor-element elementor-element-0e02444 elementor-section-boxed elementor-section-height-default elementor-section-height-default\" data-id=\"0e02444\" data-element_type=\"section\">\r\n\t\t\t\t\t\t\t\t<div class=\"elementor-container elementor-column-gap-default\">\r\n\t\t\t\t\r\n\t\t\t\t\t\t\t\t<div class=\" elementor-column elementor-col-100 elementor-top-column elementor-element elementor-element-3ece713 \" data-id=\"3ece713\" data-element_type=\"column\">\r\n\r\n\t\t\t\t\r\n\t\t\t\t<div class=\"elementor-widget-wrap elementor-element-populated\">\r\n\t\t\t\t\t\t\t\t\t\t\r\n\t\t\t\t\t\t<div class=\"elementor-element elementor-element-768980b elementor-widget elementor-widget-spacer\" data-id=\"768980b\" data-element_type=\"widget\" data-widget_type=\"spacer.default\">\n\t\t\t\t<div class=\"elementor-widget-container\">\n\t\t\t\t\t<div class=\"elementor-spacer\">\n\t\t\t<div class=\"elementor-spacer-inner\"><\/div>\n\t\t<\/div>\n\t\t\t\t<\/div>\n\t\t\t\t<\/div>\n\t\t\t\t\t\t<\/div>\r\n\t\t\t\t<\/div>\r\n\t\t\t\t\t\t\t\t<\/div>\r\n\t\t\t<\/section>\r\n\t\t\t\t\t\t\t\t<\/div>\n\t\t","protected":false},"excerpt":{"rendered":"<p>WIR SIND F\u00dcR SIE DA Nehmen Sie Kontakt mit uns auf Wir freuen uns \u00fcber Ihr Interesse an unseren Produkten. Wir laden Sie ein, das untenstehende Formular auszuf\u00fcllen und Kontakt mit unserem freundlichen AKLIMAT-Expertenteam aufzunehmen. Egal, ob Sie eine Frage haben, zus\u00e4tzliche Informationen zu Heizk\u00f6rpern ben\u00f6tigen oder mit uns zusammenarbeiten m\u00f6chten, wir sind f\u00fcr Sie [&hellip;]<\/p>\n","protected":false},"author":2,"featured_media":0,"parent":17690,"menu_order":0,"comment_status":"closed","ping_status":"closed","template":"elementor_header_footer","meta":{"inline_featured_image":false,"footnotes":""},"class_list":["post-17141","page","type-page","status-publish","hentry"],"acf":[],"yoast_head":"<!-- This site is optimized with the Yoast SEO plugin v25.8 - https:\/\/yoast.com\/wordpress\/plugins\/seo\/ -->\n<title>Kontakt-Formular - AKLIMAT<\/title>\n<meta name=\"robots\" content=\"index, follow, max-snippet:-1, max-image-preview:large, max-video-preview:-1\" \/>\n<link rel=\"canonical\" href=\"https:\/\/aklimat.si\/de\/kontakt\/kontakt-formular\/\" \/>\n<meta property=\"og:locale\" content=\"de_DE\" \/>\n<meta property=\"og:type\" content=\"article\" \/>\n<meta property=\"og:title\" content=\"Kontakt-Formular - AKLIMAT\" \/>\n<meta property=\"og:description\" content=\"WIR SIND F\u00dcR SIE DA Nehmen Sie Kontakt mit uns auf Wir freuen uns \u00fcber Ihr Interesse an unseren Produkten. Wir laden Sie ein, das untenstehende Formular auszuf\u00fcllen und Kontakt mit unserem freundlichen AKLIMAT-Expertenteam aufzunehmen. Egal, ob Sie eine Frage haben, zus\u00e4tzliche Informationen zu Heizk\u00f6rpern ben\u00f6tigen oder mit uns zusammenarbeiten m\u00f6chten, wir sind f\u00fcr Sie [&hellip;]\" \/>\n<meta property=\"og:url\" content=\"https:\/\/aklimat.si\/de\/kontakt\/kontakt-formular\/\" \/>\n<meta property=\"og:site_name\" content=\"AKLIMAT\" \/>\n<meta property=\"article:publisher\" content=\"https:\/\/www.facebook.com\/aklimatslovenija\/\" \/>\n<meta property=\"article:modified_time\" content=\"2023-08-10T18:47:14+00:00\" \/>\n<meta name=\"twitter:card\" content=\"summary_large_image\" \/>\n<meta name=\"twitter:site\" content=\"@aklimatsi\" \/>\n<meta name=\"twitter:label1\" content=\"Est. reading time\" \/>\n\t<meta name=\"twitter:data1\" content=\"1 minute\" \/>\n<script type=\"application\/ld+json\" class=\"yoast-schema-graph\">{\"@context\":\"https:\/\/schema.org\",\"@graph\":[{\"@type\":\"WebPage\",\"@id\":\"https:\/\/aklimat.si\/de\/kontakt\/kontakt-formular\/\",\"url\":\"https:\/\/aklimat.si\/de\/kontakt\/kontakt-formular\/\",\"name\":\"Kontakt-Formular - AKLIMAT\",\"isPartOf\":{\"@id\":\"https:\/\/aklimat.si\/de\/#website\"},\"datePublished\":\"2023-06-25T18:49:01+00:00\",\"dateModified\":\"2023-08-10T18:47:14+00:00\",\"breadcrumb\":{\"@id\":\"https:\/\/aklimat.si\/de\/kontakt\/kontakt-formular\/#breadcrumb\"},\"inLanguage\":\"de-DE\",\"potentialAction\":[{\"@type\":\"ReadAction\",\"target\":[\"https:\/\/aklimat.si\/de\/kontakt\/kontakt-formular\/\"]}]},{\"@type\":\"BreadcrumbList\",\"@id\":\"https:\/\/aklimat.si\/de\/kontakt\/kontakt-formular\/#breadcrumb\",\"itemListElement\":[{\"@type\":\"ListItem\",\"position\":1,\"name\":\"Home\",\"item\":\"https:\/\/aklimat.si\/de\/\"},{\"@type\":\"ListItem\",\"position\":2,\"name\":\"KONTAKT\",\"item\":\"https:\/\/aklimat.si\/de\/kontakt\/\"},{\"@type\":\"ListItem\",\"position\":3,\"name\":\"Kontakt-Formular\"}]},{\"@type\":\"WebSite\",\"@id\":\"https:\/\/aklimat.si\/de\/#website\",\"url\":\"https:\/\/aklimat.si\/de\/\",\"name\":\"AKLIMAT\",\"description\":\"Aluminium design radiators\",\"publisher\":{\"@id\":\"https:\/\/aklimat.si\/de\/#organization\"},\"potentialAction\":[{\"@type\":\"SearchAction\",\"target\":{\"@type\":\"EntryPoint\",\"urlTemplate\":\"https:\/\/aklimat.si\/de\/?s={search_term_string}\"},\"query-input\":{\"@type\":\"PropertyValueSpecification\",\"valueRequired\":true,\"valueName\":\"search_term_string\"}}],\"inLanguage\":\"de-DE\"},{\"@type\":\"Organization\",\"@id\":\"https:\/\/aklimat.si\/de\/#organization\",\"name\":\"AKLIMAT\",\"url\":\"https:\/\/aklimat.si\/de\/\",\"logo\":{\"@type\":\"ImageObject\",\"inLanguage\":\"de-DE\",\"@id\":\"https:\/\/aklimat.si\/de\/#\/schema\/logo\/image\/\",\"url\":\"https:\/\/aklimat.si\/wp-content\/uploads\/2023\/06\/cropped-logo-aklimat.jpg\",\"contentUrl\":\"https:\/\/aklimat.si\/wp-content\/uploads\/2023\/06\/cropped-logo-aklimat.jpg\",\"width\":1304,\"height\":407,\"caption\":\"AKLIMAT\"},\"image\":{\"@id\":\"https:\/\/aklimat.si\/de\/#\/schema\/logo\/image\/\"},\"sameAs\":[\"https:\/\/www.facebook.com\/aklimatslovenija\/\",\"https:\/\/x.com\/aklimatsi\",\"https:\/\/www.instagram.com\/aklimat_radiators\/\"]}]}<\/script>\n<!-- \/ Yoast SEO plugin. -->","yoast_head_json":{"title":"Kontakt-Formular - AKLIMAT","robots":{"index":"index","follow":"follow","max-snippet":"max-snippet:-1","max-image-preview":"max-image-preview:large","max-video-preview":"max-video-preview:-1"},"canonical":"https:\/\/aklimat.si\/de\/kontakt\/kontakt-formular\/","og_locale":"de_DE","og_type":"article","og_title":"Kontakt-Formular - AKLIMAT","og_description":"WIR SIND F\u00dcR SIE DA Nehmen Sie Kontakt mit uns auf Wir freuen uns \u00fcber Ihr Interesse an unseren Produkten. Wir laden Sie ein, das untenstehende Formular auszuf\u00fcllen und Kontakt mit unserem freundlichen AKLIMAT-Expertenteam aufzunehmen. Egal, ob Sie eine Frage haben, zus\u00e4tzliche Informationen zu Heizk\u00f6rpern ben\u00f6tigen oder mit uns zusammenarbeiten m\u00f6chten, wir sind f\u00fcr Sie [&hellip;]","og_url":"https:\/\/aklimat.si\/de\/kontakt\/kontakt-formular\/","og_site_name":"AKLIMAT","article_publisher":"https:\/\/www.facebook.com\/aklimatslovenija\/","article_modified_time":"2023-08-10T18:47:14+00:00","twitter_card":"summary_large_image","twitter_site":"@aklimatsi","twitter_misc":{"Est. reading time":"1 minute"},"schema":{"@context":"https:\/\/schema.org","@graph":[{"@type":"WebPage","@id":"https:\/\/aklimat.si\/de\/kontakt\/kontakt-formular\/","url":"https:\/\/aklimat.si\/de\/kontakt\/kontakt-formular\/","name":"Kontakt-Formular - AKLIMAT","isPartOf":{"@id":"https:\/\/aklimat.si\/de\/#website"},"datePublished":"2023-06-25T18:49:01+00:00","dateModified":"2023-08-10T18:47:14+00:00","breadcrumb":{"@id":"https:\/\/aklimat.si\/de\/kontakt\/kontakt-formular\/#breadcrumb"},"inLanguage":"de-DE","potentialAction":[{"@type":"ReadAction","target":["https:\/\/aklimat.si\/de\/kontakt\/kontakt-formular\/"]}]},{"@type":"BreadcrumbList","@id":"https:\/\/aklimat.si\/de\/kontakt\/kontakt-formular\/#breadcrumb","itemListElement":[{"@type":"ListItem","position":1,"name":"Home","item":"https:\/\/aklimat.si\/de\/"},{"@type":"ListItem","position":2,"name":"KONTAKT","item":"https:\/\/aklimat.si\/de\/kontakt\/"},{"@type":"ListItem","position":3,"name":"Kontakt-Formular"}]},{"@type":"WebSite","@id":"https:\/\/aklimat.si\/de\/#website","url":"https:\/\/aklimat.si\/de\/","name":"AKLIMAT","description":"Aluminium design radiators","publisher":{"@id":"https:\/\/aklimat.si\/de\/#organization"},"potentialAction":[{"@type":"SearchAction","target":{"@type":"EntryPoint","urlTemplate":"https:\/\/aklimat.si\/de\/?s={search_term_string}"},"query-input":{"@type":"PropertyValueSpecification","valueRequired":true,"valueName":"search_term_string"}}],"inLanguage":"de-DE"},{"@type":"Organization","@id":"https:\/\/aklimat.si\/de\/#organization","name":"AKLIMAT","url":"https:\/\/aklimat.si\/de\/","logo":{"@type":"ImageObject","inLanguage":"de-DE","@id":"https:\/\/aklimat.si\/de\/#\/schema\/logo\/image\/","url":"https:\/\/aklimat.si\/wp-content\/uploads\/2023\/06\/cropped-logo-aklimat.jpg","contentUrl":"https:\/\/aklimat.si\/wp-content\/uploads\/2023\/06\/cropped-logo-aklimat.jpg","width":1304,"height":407,"caption":"AKLIMAT"},"image":{"@id":"https:\/\/aklimat.si\/de\/#\/schema\/logo\/image\/"},"sameAs":["https:\/\/www.facebook.com\/aklimatslovenija\/","https:\/\/x.com\/aklimatsi","https:\/\/www.instagram.com\/aklimat_radiators\/"]}]}},"_links":{"self":[{"href":"https:\/\/aklimat.si\/de\/wp-json\/wp\/v2\/pages\/17141","targetHints":{"allow":["GET"]}}],"collection":[{"href":"https:\/\/aklimat.si\/de\/wp-json\/wp\/v2\/pages"}],"about":[{"href":"https:\/\/aklimat.si\/de\/wp-json\/wp\/v2\/types\/page"}],"author":[{"embeddable":true,"href":"https:\/\/aklimat.si\/de\/wp-json\/wp\/v2\/users\/2"}],"replies":[{"embeddable":true,"href":"https:\/\/aklimat.si\/de\/wp-json\/wp\/v2\/comments?post=17141"}],"version-history":[{"count":7,"href":"https:\/\/aklimat.si\/de\/wp-json\/wp\/v2\/pages\/17141\/revisions"}],"predecessor-version":[{"id":20227,"href":"https:\/\/aklimat.si\/de\/wp-json\/wp\/v2\/pages\/17141\/revisions\/20227"}],"up":[{"embeddable":true,"href":"https:\/\/aklimat.si\/de\/wp-json\/wp\/v2\/pages\/17690"}],"wp:attachment":[{"href":"https:\/\/aklimat.si\/de\/wp-json\/wp\/v2\/media?parent=17141"}],"curies":[{"name":"wp","href":"https:\/\/api.w.org\/{rel}","templated":true}]}}