{"id":17121,"date":"2023-06-25T20:26:05","date_gmt":"2023-06-25T18:26:05","guid":{"rendered":"https:\/\/aklimat.si\/entwicklung-technik\/"},"modified":"2023-08-11T21:43:55","modified_gmt":"2023-08-11T19:43:55","slug":"entwicklung-technik","status":"publish","type":"page","link":"https:\/\/aklimat.si\/de\/technologie\/entwicklung-technik\/","title":{"rendered":"Entwicklung, Technik"},"content":{"rendered":"\t\t<div data-elementor-type=\"wp-page\" data-elementor-id=\"17121\" class=\"elementor elementor-17121 elementor-8769\" data-elementor-post-type=\"page\">\n\t\t\t\t\t\t\t\t\t<section class=\" elementor-section elementor-top-section elementor-element elementor-element-2882feb1 elementor-section-content-middle elementor-section-boxed elementor-section-height-default elementor-section-height-default\" data-id=\"2882feb1\" data-element_type=\"section\">\r\n\t\t\t\t\t\t\t\t<div class=\"elementor-container container-fluid elementor-column-gap-wide\">\r\n\t\t\t\t\r\n\t\t\t\t\t\t\t\t<div class=\" elementor-column elementor-col-50 elementor-top-column elementor-element elementor-element-363d173d \" data-id=\"363d173d\" data-element_type=\"column\" data-settings=\"{&quot;background_background&quot;:&quot;slideshow&quot;,&quot;background_slideshow_gallery&quot;:[{&quot;id&quot;:12861,&quot;url&quot;:&quot;https:\\\/\\\/aklimat.si\\\/wp-content\\\/uploads\\\/2023\\\/07\\\/RAZVOJ1.png&quot;}],&quot;background_slideshow_loop&quot;:&quot;yes&quot;,&quot;background_slideshow_slide_duration&quot;:5000,&quot;background_slideshow_slide_transition&quot;:&quot;fade&quot;,&quot;background_slideshow_transition_duration&quot;:500}\">\r\n\r\n\t\t\t\t\r\n\t\t\t\t<div class=\"elementor-widget-wrap\">\r\n\t\t\t\t\t\t\t\t\t\t\r\n\t\t\t\t\t\t\t\t<\/div>\r\n\t\t\t\t<\/div>\r\n\t\t\t\t\t\t\t\t\t<div class=\" elementor-column elementor-col-50 elementor-top-column elementor-element elementor-element-792ebc36 \" data-id=\"792ebc36\" data-element_type=\"column\">\r\n\r\n\t\t\t\t\r\n\t\t\t\t<div class=\"elementor-widget-wrap elementor-element-populated\">\r\n\t\t\t\t\t\t\t\t\t\t\r\n\t\t\t\t\t\t<section class=\" elementor-section elementor-inner-section elementor-element elementor-element-17939d05 elementor-section-boxed elementor-section-height-default elementor-section-height-default\" data-id=\"17939d05\" data-element_type=\"section\">\r\n\t\t\t\t\t\t\t\t<div class=\"elementor-container elementor-column-gap-default\">\r\n\t\t\t\t\r\n\t\t\t\t\t\t\t\t<div class=\" elementor-column elementor-col-100 elementor-inner-column elementor-element elementor-element-7329e168 \" data-id=\"7329e168\" data-element_type=\"column\">\r\n\r\n\t\t\t\t\r\n\t\t\t\t<div class=\"elementor-widget-wrap elementor-element-populated\">\r\n\t\t\t\t\t\t\t\t\t\t\r\n\t\t\t\t\t\t<div class=\"elementor-element elementor-element-794f270 elementor-widget elementor-widget-udesign_widget_heading\" data-id=\"794f270\" data-element_type=\"widget\" data-widget_type=\"udesign_widget_heading.default\">\n\t\t\t\t<div class=\"elementor-widget-container\">\n\t\t\t<style>\/*! elementor - v3.15.0 - 09-08-2023 *\/\n.elementor-heading-title{padding:0;margin:0;line-height:1}.elementor-widget-heading .elementor-heading-title[class*=elementor-size-]>a{color:inherit;font-size:inherit;line-height:inherit}.elementor-widget-heading .elementor-heading-title.elementor-size-small{font-size:15px}.elementor-widget-heading .elementor-heading-title.elementor-size-medium{font-size:19px}.elementor-widget-heading .elementor-heading-title.elementor-size-large{font-size:29px}.elementor-widget-heading .elementor-heading-title.elementor-size-xl{font-size:39px}.elementor-widget-heading .elementor-heading-title.elementor-size-xxl{font-size:59px}<\/style><div class=\"title-wrapper  title-left\"><h4 class=\"title elementor-heading-title\">Entwicklung: kontinuierliche Innovation und technische Perfektion<\/h4><\/div>\t\t<\/div>\n\t\t\t\t<\/div>\n\t\t\t\t<div class=\"elementor-element elementor-element-115f679 elementor-widget elementor-widget-udesign_widget_heading\" data-id=\"115f679\" data-element_type=\"widget\" data-widget_type=\"udesign_widget_heading.default\">\n\t\t\t\t<div class=\"elementor-widget-container\">\n\t\t\t<div class=\"title-wrapper  title-left\"><h2 class=\"title elementor-heading-title\">Ganzheitlicher Ansatz zur Entwicklung von Heizk\u00f6rpern, die die Erwartungen \u00fcbertreffen<\/h2><\/div>\t\t<\/div>\n\t\t\t\t<\/div>\n\t\t\t\t<div class=\"elementor-element elementor-element-74650513 elementor-widget elementor-widget-udesign_widget_heading\" data-id=\"74650513\" data-element_type=\"widget\" data-widget_type=\"udesign_widget_heading.default\">\n\t\t\t\t<div class=\"elementor-widget-container\">\n\t\t\t<div class=\"title-wrapper  title-left\"><h4 class=\"title elementor-heading-title\">Bei AKLIMAT sind wir uns der Bedeutung eines umfassenden Ansatzes f\u00fcr die Entwicklung von Heizk\u00f6rpern bewusst. Aus diesem Grund stellen wir ein multidisziplin\u00e4res Team aus Designern, Technologen und Kaufleuten zusammen, die zusammenarbeiten, um einen Heizk\u00f6rper zu schaffen, der den Anforderungen des Marktes gerecht und den Herausforderungen des Wettbewerbs gewachsen wird. <\/h4><\/div>\t\t<\/div>\n\t\t\t\t<\/div>\n\t\t\t\t<div class=\"elementor-element elementor-element-3e9ae4ce elementor-widget elementor-widget-udesign_widget_heading\" data-id=\"3e9ae4ce\" data-element_type=\"widget\" data-widget_type=\"udesign_widget_heading.default\">\n\t\t\t\t<div class=\"elementor-widget-container\">\n\t\t\t<div class=\"title-wrapper  title-left\"><p class=\"title elementor-heading-title\">Unsere Entwicklungsabteilung f\u00fchrt die wichtigsten technischen T\u00e4tigkeiten durch, die f\u00fcr die Gestaltung eines hochwertigen Heizk\u00f6rpers unerl\u00e4sslich sind. Mithilfe <b>pr\u00e4ziser technischer Zeichnungen, 3D-Modelle und Berechnungen stellen wir sicher, dass die Heizk\u00f6rper den Marktanforderungen und technischen M\u00f6glichkeiten entsprechen.<\/b> Anschlie\u00dfend wird ein Heizk\u00f6rperprototyp erstellt, der anschlie\u00dfend umfangreiche Tests gem\u00e4\u00df i<b>nternationalen ISO- und DIN-Normen durchl\u00e4uft.<\/b>  <br><br>\nUnsere Tests umfassen ein breites Spektrum an Tests, die die Funktionalit\u00e4t, Leistung und \u00dcbereinstimmung von Heizk\u00f6rpern mit vorgeschriebenen Normen \u00fcberpr\u00fcfen. Die Ergebnisse dieser Tests sind ausschlaggebend f\u00fcr die Entscheidung \u00fcber m\u00f6gliche Verbesserungen oder Optimierungen von Heizk\u00f6rpern. Basierend auf technischen Analysen und Testergebnissen <b>nehmen wir Anpassungen an Heizk\u00f6rpern vor, um deren Effizienz<\/b>, Haltbarkeit oder andere wichtige Aspekte zu verbessern.  \n<\/p><\/div>\t\t<\/div>\n\t\t\t\t<\/div>\n\t\t\t\t<div class=\"elementor-element elementor-element-12bee8ae elementor-widget elementor-widget-udesign_widget_button\" data-id=\"12bee8ae\" data-element_type=\"widget\" data-widget_type=\"udesign_widget_button.default\">\n\t\t\t\t<div class=\"elementor-widget-container\">\n\t\t\t<a class=\"btn btn-outline btn-lg btn-rounded btn-secondary btn-icon btn-icon-left\" href=\"https:\/\/aklimat.si\/de\/vorteile\/\" ><i class=\"fas fa-arrow-right\"><\/i><span >Entdecken Sie die Vorteile unserer Heizk\u00f6rper<\/span><\/a>\t\t<\/div>\n\t\t\t\t<\/div>\n\t\t\t\t\t\t<\/div>\r\n\t\t\t\t<\/div>\r\n\t\t\t\t\t\t\t\t<\/div>\r\n\t\t\t<\/section>\r\n\t\t\t\t\t\t\t<\/div>\r\n\t\t\t\t<\/div>\r\n\t\t\t\t\t\t\t\t<\/div>\r\n\t\t\t<\/section>\r\n\t\t\t\t\t<section class=\" elementor-section elementor-top-section elementor-element elementor-element-187fce5 elementor-hidden-desktop elementor-hidden-laptop elementor-hidden-tablet_extra elementor-hidden-tablet elementor-section-boxed elementor-section-height-default elementor-section-height-default\" data-id=\"187fce5\" data-element_type=\"section\">\r\n\t\t\t\t\t\t\t\t<div class=\"elementor-container elementor-column-gap-default\">\r\n\t\t\t\t\r\n\t\t\t\t\t\t\t\t<div class=\" elementor-column elementor-col-100 elementor-top-column elementor-element elementor-element-d46504c \" data-id=\"d46504c\" data-element_type=\"column\">\r\n\r\n\t\t\t\t\r\n\t\t\t\t<div class=\"elementor-widget-wrap elementor-element-populated\">\r\n\t\t\t\t\t\t\t\t\t\t\r\n\t\t\t\t\t\t<div class=\"elementor-element elementor-element-71475c1 elementor-widget elementor-widget-image\" data-id=\"71475c1\" data-element_type=\"widget\" data-widget_type=\"image.default\">\n\t\t\t\t<div class=\"elementor-widget-container\">\n\t\t\t<style>\/*! elementor - v3.15.0 - 09-08-2023 *\/\n.elementor-widget-image{text-align:center}.elementor-widget-image a{display:inline-block}.elementor-widget-image a img[src$=\".svg\"]{width:48px}.elementor-widget-image img{vertical-align:middle;display:inline-block}<\/style>\t\t\t\t\t\t\t\t\t\t\t\t<img decoding=\"async\" width=\"1200\" height=\"900\" src=\"https:\/\/aklimat.si\/wp-content\/uploads\/2023\/07\/KORAK-PRED-KONKURENCO.png\" class=\"attachment-full size-full wp-image-12857\" alt=\"\" srcset=\"https:\/\/aklimat.si\/wp-content\/uploads\/2023\/07\/KORAK-PRED-KONKURENCO.png 1200w, https:\/\/aklimat.si\/wp-content\/uploads\/2023\/07\/KORAK-PRED-KONKURENCO-1024x768.png 1024w, https:\/\/aklimat.si\/wp-content\/uploads\/2023\/07\/KORAK-PRED-KONKURENCO-768x576.png 768w, https:\/\/aklimat.si\/wp-content\/uploads\/2023\/07\/KORAK-PRED-KONKURENCO-600x450.png 600w\" sizes=\"(max-width: 1200px) 100vw, 1200px\" \/>\t\t\t\t\t\t\t\t\t\t\t\t\t\t\t<\/div>\n\t\t\t\t<\/div>\n\t\t\t\t\t\t<\/div>\r\n\t\t\t\t<\/div>\r\n\t\t\t\t\t\t\t\t<\/div>\r\n\t\t\t<\/section>\r\n\t\t\t\t\t<section class=\" elementor-section elementor-top-section elementor-element elementor-element-242fcfa elementor-section-content-middle elementor-section-boxed elementor-section-height-default elementor-section-height-default\" data-id=\"242fcfa\" data-element_type=\"section\">\r\n\t\t\t\t\t\t\t\t<div class=\"elementor-container container-fluid elementor-column-gap-default\">\r\n\t\t\t\t\r\n\t\t\t\t\t\t\t\t<div class=\" elementor-column elementor-col-50 elementor-top-column elementor-element elementor-element-b83a380 \" data-id=\"b83a380\" data-element_type=\"column\">\r\n\r\n\t\t\t\t\r\n\t\t\t\t<div class=\"elementor-widget-wrap elementor-element-populated\">\r\n\t\t\t\t\t\t\t\t\t\t\r\n\t\t\t\t\t\t<section class=\" elementor-section elementor-inner-section elementor-element elementor-element-6eab633 elementor-section-boxed elementor-section-height-default elementor-section-height-default\" data-id=\"6eab633\" data-element_type=\"section\">\r\n\t\t\t\t\t\t\t\t<div class=\"elementor-container elementor-column-gap-default\">\r\n\t\t\t\t\r\n\t\t\t\t\t\t\t\t<div class=\" elementor-column elementor-col-100 elementor-inner-column elementor-element elementor-element-318035c \" data-id=\"318035c\" data-element_type=\"column\">\r\n\r\n\t\t\t\t\r\n\t\t\t\t<div class=\"elementor-widget-wrap elementor-element-populated\">\r\n\t\t\t\t\t\t\t\t\t\t\r\n\t\t\t\t\t\t<div class=\"elementor-element elementor-element-24d898f elementor-widget elementor-widget-udesign_widget_heading\" data-id=\"24d898f\" data-element_type=\"widget\" data-widget_type=\"udesign_widget_heading.default\">\n\t\t\t\t<div class=\"elementor-widget-container\">\n\t\t\t<div class=\"title-wrapper  title-left\"><h4 class=\"title elementor-heading-title\">Bei jedem Schritt dabei<\/h4><\/div>\t\t<\/div>\n\t\t\t\t<\/div>\n\t\t\t\t<div class=\"elementor-element elementor-element-d9fe779 elementor-widget elementor-widget-udesign_widget_heading\" data-id=\"d9fe779\" data-element_type=\"widget\" data-widget_type=\"udesign_widget_heading.default\">\n\t\t\t\t<div class=\"elementor-widget-container\">\n\t\t\t<div class=\"title-wrapper  title-left\"><h2 class=\"title elementor-heading-title\">Wir garantieren Genauigkeit, umfassende Dokumentation und Nachhaltigkeit<\/h2><\/div>\t\t<\/div>\n\t\t\t\t<\/div>\n\t\t\t\t<div class=\"elementor-element elementor-element-db57dc4 elementor-widget elementor-widget-udesign_widget_heading\" data-id=\"db57dc4\" data-element_type=\"widget\" data-widget_type=\"udesign_widget_heading.default\">\n\t\t\t\t<div class=\"elementor-widget-container\">\n\t\t\t<div class=\"title-wrapper  title-left\"><h4 class=\"title elementor-heading-title\">Wir stellen sicher, dass unsere Heizk\u00f6rper nicht nur technisch hochwertig, sondern auch umweltfreundlich und nachhaltig sind.<\/h4><\/div>\t\t<\/div>\n\t\t\t\t<\/div>\n\t\t\t\t<div class=\"elementor-element elementor-element-a90ba15 elementor-widget elementor-widget-udesign_widget_heading\" data-id=\"a90ba15\" data-element_type=\"widget\" data-widget_type=\"udesign_widget_heading.default\">\n\t\t\t\t<div class=\"elementor-widget-container\">\n\t\t\t<div class=\"title-wrapper  title-left\"><p class=\"title elementor-heading-title\">Nach erfolgreich abgeschlossenen Tests wird die Dokumentation des Heizk\u00f6rpers an die technische Abteilung \u00fcbergeben, die f\u00fcr die Erstellung der endg\u00fcltigen technischen Spezifikationen des Heizk\u00f6rpers zust\u00e4ndig ist, die genaue Angaben zu Form, Abmessungen, Materialien und anderen technischen Details enthalten. Gleichzeitig werden auch Anweisungen zur Installation, Wartung und Verwendung des Heizk\u00f6rpers erstellt, die eine korrekte Verwendung und einen optimalen Betrieb des Produkts gew\u00e4hrleisten. <br><br>\nAuch Heizk\u00f6rper-Lebenszyklusanalysen k\u00f6nnen in diesem Entwicklungsstadium durchgef\u00fchrt werden. Diese Analysen umfassen eine umfassende Bewertung der Auswirkungen der Heizk\u00f6rper auf die Umwelt, wie z. B. die Bewertung des \u00f6kologischen Fu\u00dfabdrucks, die Energieeffizienz und die Untersuchung nachhaltiger Aspekte der Produktion und Nutzung. <\/p><\/div>\t\t<\/div>\n\t\t\t\t<\/div>\n\t\t\t\t<div class=\"elementor-element elementor-element-a3cc71a elementor-widget elementor-widget-udesign_widget_button\" data-id=\"a3cc71a\" data-element_type=\"widget\" data-widget_type=\"udesign_widget_button.default\">\n\t\t\t\t<div class=\"elementor-widget-container\">\n\t\t\t<a class=\"btn btn-outline btn-lg btn-rounded btn-secondary btn-icon btn-icon-left\" href=\"https:\/\/aklimat.si\/de\/herstellungsprozess\/\" ><i class=\"fas fa-arrow-right\"><\/i><span >Erfahren Sie mehr \u00fcber den Produktionsprozess<\/span><\/a>\t\t<\/div>\n\t\t\t\t<\/div>\n\t\t\t\t\t\t<\/div>\r\n\t\t\t\t<\/div>\r\n\t\t\t\t\t\t\t\t<\/div>\r\n\t\t\t<\/section>\r\n\t\t\t\t\t\t\t<\/div>\r\n\t\t\t\t<\/div>\r\n\t\t\t\t\t\t\t\t\t<div class=\" elementor-column elementor-col-50 elementor-top-column elementor-element elementor-element-f2d1354 elementor-hidden-mobile \" data-id=\"f2d1354\" data-element_type=\"column\">\r\n\r\n\t\t\t\t\r\n\t\t\t\t<div class=\"elementor-widget-wrap elementor-element-populated\">\r\n\t\t\t\t\t\t\t\t\t\t\r\n\t\t\t\t\t\t<div class=\"elementor-element elementor-element-4de31b3 elementor-widget elementor-widget-image\" data-id=\"4de31b3\" data-element_type=\"widget\" data-widget_type=\"image.default\">\n\t\t\t\t<div class=\"elementor-widget-container\">\n\t\t\t\t\t\t\t\t\t\t\t\t\t\t\t<img decoding=\"async\" width=\"1200\" height=\"900\" src=\"https:\/\/aklimat.si\/wp-content\/uploads\/2023\/07\/KORAK-PRED-KONKURENCO.png\" class=\"attachment-full size-full wp-image-12857\" alt=\"\" srcset=\"https:\/\/aklimat.si\/wp-content\/uploads\/2023\/07\/KORAK-PRED-KONKURENCO.png 1200w, https:\/\/aklimat.si\/wp-content\/uploads\/2023\/07\/KORAK-PRED-KONKURENCO-1024x768.png 1024w, https:\/\/aklimat.si\/wp-content\/uploads\/2023\/07\/KORAK-PRED-KONKURENCO-768x576.png 768w, https:\/\/aklimat.si\/wp-content\/uploads\/2023\/07\/KORAK-PRED-KONKURENCO-600x450.png 600w\" sizes=\"(max-width: 1200px) 100vw, 1200px\" \/>\t\t\t\t\t\t\t\t\t\t\t\t\t\t\t<\/div>\n\t\t\t\t<\/div>\n\t\t\t\t\t\t<\/div>\r\n\t\t\t\t<\/div>\r\n\t\t\t\t\t\t\t\t<\/div>\r\n\t\t\t<\/section>\r\n\t\t\t\t\t\t\t\t<\/div>\n\t\t","protected":false},"excerpt":{"rendered":"<p>Entwicklung: kontinuierliche Innovation und technische Perfektion Ganzheitlicher Ansatz zur Entwicklung von Heizk\u00f6rpern, die die Erwartungen \u00fcbertreffen Bei AKLIMAT sind wir uns der Bedeutung eines umfassenden Ansatzes f\u00fcr die Entwicklung von Heizk\u00f6rpern bewusst. Aus diesem Grund stellen wir ein multidisziplin\u00e4res Team aus Designern, Technologen und Kaufleuten zusammen, die zusammenarbeiten, um einen Heizk\u00f6rper zu schaffen, der den [&hellip;]<\/p>\n","protected":false},"author":2,"featured_media":0,"parent":17678,"menu_order":0,"comment_status":"closed","ping_status":"closed","template":"","meta":{"inline_featured_image":false,"footnotes":""},"class_list":["post-17121","page","type-page","status-publish","hentry"],"acf":[],"yoast_head":"<!-- This site is optimized with the Yoast SEO plugin v25.8 - https:\/\/yoast.com\/wordpress\/plugins\/seo\/ -->\n<title>Entwicklung, Technik - AKLIMAT<\/title>\n<meta name=\"robots\" content=\"index, follow, max-snippet:-1, max-image-preview:large, max-video-preview:-1\" \/>\n<link rel=\"canonical\" href=\"https:\/\/aklimat.si\/de\/technologie\/entwicklung-technik\/\" \/>\n<meta property=\"og:locale\" content=\"de_DE\" \/>\n<meta property=\"og:type\" content=\"article\" \/>\n<meta property=\"og:title\" content=\"Entwicklung, Technik - AKLIMAT\" \/>\n<meta property=\"og:description\" content=\"Entwicklung: kontinuierliche Innovation und technische Perfektion Ganzheitlicher Ansatz zur Entwicklung von Heizk\u00f6rpern, die die Erwartungen \u00fcbertreffen Bei AKLIMAT sind wir uns der Bedeutung eines umfassenden Ansatzes f\u00fcr die Entwicklung von Heizk\u00f6rpern bewusst. Aus diesem Grund stellen wir ein multidisziplin\u00e4res Team aus Designern, Technologen und Kaufleuten zusammen, die zusammenarbeiten, um einen Heizk\u00f6rper zu schaffen, der den [&hellip;]\" \/>\n<meta property=\"og:url\" content=\"https:\/\/aklimat.si\/de\/technologie\/entwicklung-technik\/\" \/>\n<meta property=\"og:site_name\" content=\"AKLIMAT\" \/>\n<meta property=\"article:publisher\" content=\"https:\/\/www.facebook.com\/aklimatslovenija\/\" \/>\n<meta property=\"article:modified_time\" content=\"2023-08-11T19:43:55+00:00\" \/>\n<meta property=\"og:image\" content=\"https:\/\/aklimat.si\/wp-content\/uploads\/2023\/07\/KORAK-PRED-KONKURENCO.png\" \/>\n<meta name=\"twitter:card\" content=\"summary_large_image\" \/>\n<meta name=\"twitter:site\" content=\"@aklimatsi\" \/>\n<meta name=\"twitter:label1\" content=\"Est. reading time\" \/>\n\t<meta name=\"twitter:data1\" content=\"2 minutes\" \/>\n<script type=\"application\/ld+json\" class=\"yoast-schema-graph\">{\"@context\":\"https:\/\/schema.org\",\"@graph\":[{\"@type\":\"WebPage\",\"@id\":\"https:\/\/aklimat.si\/de\/technologie\/entwicklung-technik\/\",\"url\":\"https:\/\/aklimat.si\/de\/technologie\/entwicklung-technik\/\",\"name\":\"Entwicklung, Technik - AKLIMAT\",\"isPartOf\":{\"@id\":\"https:\/\/aklimat.si\/de\/#website\"},\"primaryImageOfPage\":{\"@id\":\"https:\/\/aklimat.si\/de\/technologie\/entwicklung-technik\/#primaryimage\"},\"image\":{\"@id\":\"https:\/\/aklimat.si\/de\/technologie\/entwicklung-technik\/#primaryimage\"},\"thumbnailUrl\":\"https:\/\/aklimat.si\/wp-content\/uploads\/2023\/07\/KORAK-PRED-KONKURENCO.png\",\"datePublished\":\"2023-06-25T18:26:05+00:00\",\"dateModified\":\"2023-08-11T19:43:55+00:00\",\"breadcrumb\":{\"@id\":\"https:\/\/aklimat.si\/de\/technologie\/entwicklung-technik\/#breadcrumb\"},\"inLanguage\":\"de-DE\",\"potentialAction\":[{\"@type\":\"ReadAction\",\"target\":[\"https:\/\/aklimat.si\/de\/technologie\/entwicklung-technik\/\"]}]},{\"@type\":\"ImageObject\",\"inLanguage\":\"de-DE\",\"@id\":\"https:\/\/aklimat.si\/de\/technologie\/entwicklung-technik\/#primaryimage\",\"url\":\"https:\/\/aklimat.si\/wp-content\/uploads\/2023\/07\/KORAK-PRED-KONKURENCO.png\",\"contentUrl\":\"https:\/\/aklimat.si\/wp-content\/uploads\/2023\/07\/KORAK-PRED-KONKURENCO.png\"},{\"@type\":\"BreadcrumbList\",\"@id\":\"https:\/\/aklimat.si\/de\/technologie\/entwicklung-technik\/#breadcrumb\",\"itemListElement\":[{\"@type\":\"ListItem\",\"position\":1,\"name\":\"Home\",\"item\":\"https:\/\/aklimat.si\/de\/\"},{\"@type\":\"ListItem\",\"position\":2,\"name\":\"TECHNOLOGIE\",\"item\":\"https:\/\/aklimat.si\/de\/technologie\/\"},{\"@type\":\"ListItem\",\"position\":3,\"name\":\"Entwicklung, Technik\"}]},{\"@type\":\"WebSite\",\"@id\":\"https:\/\/aklimat.si\/de\/#website\",\"url\":\"https:\/\/aklimat.si\/de\/\",\"name\":\"AKLIMAT\",\"description\":\"Aluminium design radiators\",\"publisher\":{\"@id\":\"https:\/\/aklimat.si\/de\/#organization\"},\"potentialAction\":[{\"@type\":\"SearchAction\",\"target\":{\"@type\":\"EntryPoint\",\"urlTemplate\":\"https:\/\/aklimat.si\/de\/?s={search_term_string}\"},\"query-input\":{\"@type\":\"PropertyValueSpecification\",\"valueRequired\":true,\"valueName\":\"search_term_string\"}}],\"inLanguage\":\"de-DE\"},{\"@type\":\"Organization\",\"@id\":\"https:\/\/aklimat.si\/de\/#organization\",\"name\":\"AKLIMAT\",\"url\":\"https:\/\/aklimat.si\/de\/\",\"logo\":{\"@type\":\"ImageObject\",\"inLanguage\":\"de-DE\",\"@id\":\"https:\/\/aklimat.si\/de\/#\/schema\/logo\/image\/\",\"url\":\"https:\/\/aklimat.si\/wp-content\/uploads\/2023\/06\/cropped-logo-aklimat.jpg\",\"contentUrl\":\"https:\/\/aklimat.si\/wp-content\/uploads\/2023\/06\/cropped-logo-aklimat.jpg\",\"width\":1304,\"height\":407,\"caption\":\"AKLIMAT\"},\"image\":{\"@id\":\"https:\/\/aklimat.si\/de\/#\/schema\/logo\/image\/\"},\"sameAs\":[\"https:\/\/www.facebook.com\/aklimatslovenija\/\",\"https:\/\/x.com\/aklimatsi\",\"https:\/\/www.instagram.com\/aklimat_radiators\/\"]}]}<\/script>\n<!-- \/ Yoast SEO plugin. -->","yoast_head_json":{"title":"Entwicklung, Technik - AKLIMAT","robots":{"index":"index","follow":"follow","max-snippet":"max-snippet:-1","max-image-preview":"max-image-preview:large","max-video-preview":"max-video-preview:-1"},"canonical":"https:\/\/aklimat.si\/de\/technologie\/entwicklung-technik\/","og_locale":"de_DE","og_type":"article","og_title":"Entwicklung, Technik - AKLIMAT","og_description":"Entwicklung: kontinuierliche Innovation und technische Perfektion Ganzheitlicher Ansatz zur Entwicklung von Heizk\u00f6rpern, die die Erwartungen \u00fcbertreffen Bei AKLIMAT sind wir uns der Bedeutung eines umfassenden Ansatzes f\u00fcr die Entwicklung von Heizk\u00f6rpern bewusst. Aus diesem Grund stellen wir ein multidisziplin\u00e4res Team aus Designern, Technologen und Kaufleuten zusammen, die zusammenarbeiten, um einen Heizk\u00f6rper zu schaffen, der den [&hellip;]","og_url":"https:\/\/aklimat.si\/de\/technologie\/entwicklung-technik\/","og_site_name":"AKLIMAT","article_publisher":"https:\/\/www.facebook.com\/aklimatslovenija\/","article_modified_time":"2023-08-11T19:43:55+00:00","og_image":[{"url":"https:\/\/aklimat.si\/wp-content\/uploads\/2023\/07\/KORAK-PRED-KONKURENCO.png","type":"","width":"","height":""}],"twitter_card":"summary_large_image","twitter_site":"@aklimatsi","twitter_misc":{"Est. reading time":"2 minutes"},"schema":{"@context":"https:\/\/schema.org","@graph":[{"@type":"WebPage","@id":"https:\/\/aklimat.si\/de\/technologie\/entwicklung-technik\/","url":"https:\/\/aklimat.si\/de\/technologie\/entwicklung-technik\/","name":"Entwicklung, Technik - AKLIMAT","isPartOf":{"@id":"https:\/\/aklimat.si\/de\/#website"},"primaryImageOfPage":{"@id":"https:\/\/aklimat.si\/de\/technologie\/entwicklung-technik\/#primaryimage"},"image":{"@id":"https:\/\/aklimat.si\/de\/technologie\/entwicklung-technik\/#primaryimage"},"thumbnailUrl":"https:\/\/aklimat.si\/wp-content\/uploads\/2023\/07\/KORAK-PRED-KONKURENCO.png","datePublished":"2023-06-25T18:26:05+00:00","dateModified":"2023-08-11T19:43:55+00:00","breadcrumb":{"@id":"https:\/\/aklimat.si\/de\/technologie\/entwicklung-technik\/#breadcrumb"},"inLanguage":"de-DE","potentialAction":[{"@type":"ReadAction","target":["https:\/\/aklimat.si\/de\/technologie\/entwicklung-technik\/"]}]},{"@type":"ImageObject","inLanguage":"de-DE","@id":"https:\/\/aklimat.si\/de\/technologie\/entwicklung-technik\/#primaryimage","url":"https:\/\/aklimat.si\/wp-content\/uploads\/2023\/07\/KORAK-PRED-KONKURENCO.png","contentUrl":"https:\/\/aklimat.si\/wp-content\/uploads\/2023\/07\/KORAK-PRED-KONKURENCO.png"},{"@type":"BreadcrumbList","@id":"https:\/\/aklimat.si\/de\/technologie\/entwicklung-technik\/#breadcrumb","itemListElement":[{"@type":"ListItem","position":1,"name":"Home","item":"https:\/\/aklimat.si\/de\/"},{"@type":"ListItem","position":2,"name":"TECHNOLOGIE","item":"https:\/\/aklimat.si\/de\/technologie\/"},{"@type":"ListItem","position":3,"name":"Entwicklung, Technik"}]},{"@type":"WebSite","@id":"https:\/\/aklimat.si\/de\/#website","url":"https:\/\/aklimat.si\/de\/","name":"AKLIMAT","description":"Aluminium design radiators","publisher":{"@id":"https:\/\/aklimat.si\/de\/#organization"},"potentialAction":[{"@type":"SearchAction","target":{"@type":"EntryPoint","urlTemplate":"https:\/\/aklimat.si\/de\/?s={search_term_string}"},"query-input":{"@type":"PropertyValueSpecification","valueRequired":true,"valueName":"search_term_string"}}],"inLanguage":"de-DE"},{"@type":"Organization","@id":"https:\/\/aklimat.si\/de\/#organization","name":"AKLIMAT","url":"https:\/\/aklimat.si\/de\/","logo":{"@type":"ImageObject","inLanguage":"de-DE","@id":"https:\/\/aklimat.si\/de\/#\/schema\/logo\/image\/","url":"https:\/\/aklimat.si\/wp-content\/uploads\/2023\/06\/cropped-logo-aklimat.jpg","contentUrl":"https:\/\/aklimat.si\/wp-content\/uploads\/2023\/06\/cropped-logo-aklimat.jpg","width":1304,"height":407,"caption":"AKLIMAT"},"image":{"@id":"https:\/\/aklimat.si\/de\/#\/schema\/logo\/image\/"},"sameAs":["https:\/\/www.facebook.com\/aklimatslovenija\/","https:\/\/x.com\/aklimatsi","https:\/\/www.instagram.com\/aklimat_radiators\/"]}]}},"_links":{"self":[{"href":"https:\/\/aklimat.si\/de\/wp-json\/wp\/v2\/pages\/17121","targetHints":{"allow":["GET"]}}],"collection":[{"href":"https:\/\/aklimat.si\/de\/wp-json\/wp\/v2\/pages"}],"about":[{"href":"https:\/\/aklimat.si\/de\/wp-json\/wp\/v2\/types\/page"}],"author":[{"embeddable":true,"href":"https:\/\/aklimat.si\/de\/wp-json\/wp\/v2\/users\/2"}],"replies":[{"embeddable":true,"href":"https:\/\/aklimat.si\/de\/wp-json\/wp\/v2\/comments?post=17121"}],"version-history":[{"count":19,"href":"https:\/\/aklimat.si\/de\/wp-json\/wp\/v2\/pages\/17121\/revisions"}],"predecessor-version":[{"id":20839,"href":"https:\/\/aklimat.si\/de\/wp-json\/wp\/v2\/pages\/17121\/revisions\/20839"}],"up":[{"embeddable":true,"href":"https:\/\/aklimat.si\/de\/wp-json\/wp\/v2\/pages\/17678"}],"wp:attachment":[{"href":"https:\/\/aklimat.si\/de\/wp-json\/wp\/v2\/media?parent=17121"}],"curies":[{"name":"wp","href":"https:\/\/api.w.org\/{rel}","templated":true}]}}